{"id":99,"date":"2022-09-30T16:52:47","date_gmt":"2022-09-30T14:52:47","guid":{"rendered":"https:\/\/couturedanslevent.ch\/?post_type=product&#038;p=99"},"modified":"2022-09-30T18:28:37","modified_gmt":"2022-09-30T16:28:37","slug":"pochette-pour-la-blouse-medicale","status":"publish","type":"product","link":"https:\/\/couturedanslevent.ch\/?product=pochette-pour-la-blouse-medicale","title":{"rendered":"Pochette pour la blouse m\u00e9dicale"},"content":{"rendered":"<div class=\"wpforms-container wpforms-container-full\" id=\"wpforms-379\"><form id=\"wpforms-form-379\" class=\"wpforms-validate wpforms-form wpforms-ajax-form\" data-formid=\"379\" method=\"post\" enctype=\"multipart\/form-data\" action=\"\/index.php?rest_route=%2Fwp%2Fv2%2Fproduct%2F99\" data-token=\"224a52c5213ea4caf844a21a92fe117d\"><noscript class=\"wpforms-error-noscript\">Veuillez activer JavaScript dans votre navigateur pour remplir ce formulaire.<\/noscript><div class=\"wpforms-field-container\"><div id=\"wpforms-379-field_4-container\" class=\"wpforms-field wpforms-field-name\" data-field-id=\"4\"><label class=\"wpforms-field-label\" for=\"wpforms-379-field_4\">Personne \u00e0 qui exp\u00e9dier <span class=\"wpforms-required-label\">*<\/span><\/label><div class=\"wpforms-field-row wpforms-field-medium\"><div class=\"wpforms-field-row-block wpforms-first wpforms-one-half\"><input type=\"text\" id=\"wpforms-379-field_4\" class=\"wpforms-field-name-first wpforms-field-required\" name=\"wpforms[fields][4][first]\" required><label for=\"wpforms-379-field_4\" class=\"wpforms-field-sublabel after \">Pr\u00e9nom<\/label><\/div><div class=\"wpforms-field-row-block wpforms-one-half\"><input type=\"text\" id=\"wpforms-379-field_4-last\" class=\"wpforms-field-name-last wpforms-field-required\" name=\"wpforms[fields][4][last]\" required><label for=\"wpforms-379-field_4-last\" class=\"wpforms-field-sublabel after \">Nom<\/label><\/div><\/div><\/div><div id=\"wpforms-379-field_14-container\" class=\"wpforms-field wpforms-field-select wpforms-field-select-style-classic\" data-field-id=\"14\"><label class=\"wpforms-field-label\" for=\"wpforms-379-field_14\">Pour le produit...<\/label><select id=\"wpforms-379-field_14\" class=\"wpforms-field-medium\" name=\"wpforms[fields][14]\"><option value=\"99\" >Pochette pour la blouse m\u00e9dicale<\/option><option value=\"144\" >Pochette zipp\u00e9<\/option><option value=\"410\" >Sac pour les pinces \u00e0 linge<\/option><option value=\"434\" >Trousse avec poches int\u00e9rieures<\/option><\/select><\/div><div id=\"wpforms-379-field_7-container\" class=\"wpforms-field wpforms-field-checkbox wpforms-list-inline\" data-field-id=\"7\"><label class=\"wpforms-field-label\" for=\"wpforms-379-field_7\">Tissu <span class=\"wpforms-required-label\">*<\/span><\/label><ul id=\"wpforms-379-field_7\" class=\"wpforms-field-required wpforms-image-choices wpforms-image-choices-modern\"><li class=\"choice-6 depth-1 wpforms-image-choices-item\"><label class=\"wpforms-field-label-inline\" for=\"wpforms-379-field_7_6\" tabindex=\"0\"><span class=\"wpforms-image-choices-image\"><img decoding=\"async\" src=\"http:\/\/couturedanslevent.ch\/wp-content\/uploads\/2022\/09\/20220930151735_IMG_0646-scaled-e1665579164504.jpg\" alt=\"T\u00eate one line\" title=\"T\u00eate one line\"><\/span><input type=\"checkbox\" id=\"wpforms-379-field_7_6\" class=\"wpforms-screen-reader-element\" name=\"wpforms[fields][7][]\" value=\"T\u00eate one line\" tabindex=\"-1\" required ><span class=\"wpforms-image-choices-label\">T\u00eate one line<\/span><\/label><\/li><li class=\"choice-9 depth-1 wpforms-image-choices-item\"><label class=\"wpforms-field-label-inline\" for=\"wpforms-379-field_7_9\" tabindex=\"0\"><span class=\"wpforms-image-choices-image\"><img decoding=\"async\" src=\"http:\/\/couturedanslevent.ch\/wp-content\/uploads\/2022\/10\/wp-1665578603256-e1665579662288.jpg\" alt=\"monde m\u00e9dical\" title=\"monde m\u00e9dical\"><\/span><input type=\"checkbox\" id=\"wpforms-379-field_7_9\" class=\"wpforms-screen-reader-element\" name=\"wpforms[fields][7][]\" value=\"monde m\u00e9dical\" tabindex=\"-1\" required ><span class=\"wpforms-image-choices-label\">monde m\u00e9dical<\/span><\/label><\/li><li class=\"choice-4 depth-1 wpforms-image-choices-item\"><label class=\"wpforms-field-label-inline\" for=\"wpforms-379-field_7_4\" tabindex=\"0\"><span class=\"wpforms-image-choices-image\"><img decoding=\"async\" src=\"http:\/\/couturedanslevent.ch\/wp-content\/uploads\/2022\/09\/20220930151431_IMG_0640-scaled-e1665579211901.jpg\" alt=\"Japonais bleu\" title=\"Japonais bleu\"><\/span><input type=\"checkbox\" id=\"wpforms-379-field_7_4\" class=\"wpforms-screen-reader-element\" name=\"wpforms[fields][7][]\" value=\"Japonais bleu\" tabindex=\"-1\" required ><span class=\"wpforms-image-choices-label\">Japonais bleu<\/span><\/label><\/li><li class=\"choice-5 depth-1 wpforms-image-choices-item\"><label class=\"wpforms-field-label-inline\" for=\"wpforms-379-field_7_5\" tabindex=\"0\"><span class=\"wpforms-image-choices-image\"><img decoding=\"async\" src=\"http:\/\/couturedanslevent.ch\/wp-content\/uploads\/2022\/09\/20220930154538_IMG_0658-scaled-e1665579066425.jpg\" alt=\"Japonais rouge\" title=\"Japonais rouge\"><\/span><input type=\"checkbox\" id=\"wpforms-379-field_7_5\" class=\"wpforms-screen-reader-element\" name=\"wpforms[fields][7][]\" value=\"Japonais rouge\" tabindex=\"-1\" required ><span class=\"wpforms-image-choices-label\">Japonais rouge<\/span><\/label><\/li><li class=\"choice-7 depth-1 wpforms-image-choices-item\"><label class=\"wpforms-field-label-inline\" for=\"wpforms-379-field_7_7\" tabindex=\"0\"><span class=\"wpforms-image-choices-image\"><img decoding=\"async\" src=\"http:\/\/couturedanslevent.ch\/wp-content\/uploads\/2022\/09\/20220930151701_IMG_0645-scaled-e1665579174496.jpg\" alt=\"N\u00e9nuphar\" title=\"N\u00e9nuphar\"><\/span><input type=\"checkbox\" id=\"wpforms-379-field_7_7\" class=\"wpforms-screen-reader-element\" name=\"wpforms[fields][7][]\" value=\"N\u00e9nuphar\" tabindex=\"-1\" required ><span class=\"wpforms-image-choices-label\">N\u00e9nuphar<\/span><\/label><\/li><li class=\"choice-8 depth-1 wpforms-image-choices-item\"><label class=\"wpforms-field-label-inline\" for=\"wpforms-379-field_7_8\" tabindex=\"0\"><span class=\"wpforms-image-choices-image\"><img decoding=\"async\" src=\"http:\/\/couturedanslevent.ch\/wp-content\/uploads\/2022\/09\/20220930151536_IMG_0642-scaled-e1665579188627.jpg\" alt=\"g\u00e9om\u00e9trique bleu\" title=\"g\u00e9om\u00e9trique bleu\"><\/span><input type=\"checkbox\" id=\"wpforms-379-field_7_8\" class=\"wpforms-screen-reader-element\" name=\"wpforms[fields][7][]\" value=\"g\u00e9om\u00e9trique bleu\" tabindex=\"-1\" required ><span class=\"wpforms-image-choices-label\">g\u00e9om\u00e9trique bleu<\/span><\/label><\/li><li class=\"choice-11 depth-1 wpforms-image-choices-item\"><label class=\"wpforms-field-label-inline\" for=\"wpforms-379-field_7_11\" tabindex=\"0\"><span class=\"wpforms-image-choices-image\"><img decoding=\"async\" src=\"http:\/\/couturedanslevent.ch\/wp-content\/uploads\/2022\/09\/20220930151358_IMG_0639-scaled-e1665579221982.jpg\" alt=\"G\u00e9om\u00e9trique rouille\" title=\"G\u00e9om\u00e9trique rouille\"><\/span><input type=\"checkbox\" id=\"wpforms-379-field_7_11\" class=\"wpforms-screen-reader-element\" name=\"wpforms[fields][7][]\" value=\"G\u00e9om\u00e9trique rouille\" tabindex=\"-1\" required ><span class=\"wpforms-image-choices-label\">G\u00e9om\u00e9trique rouille<\/span><\/label><\/li><li class=\"choice-10 depth-1 wpforms-image-choices-item\"><label class=\"wpforms-field-label-inline\" for=\"wpforms-379-field_7_10\" tabindex=\"0\"><span class=\"wpforms-image-choices-image\"><img decoding=\"async\" src=\"http:\/\/couturedanslevent.ch\/wp-content\/uploads\/2022\/09\/20220930151156_IMG_0637-scaled-e1665579232675.jpg\" alt=\"Fleur rose\" title=\"Fleur rose\"><\/span><input type=\"checkbox\" id=\"wpforms-379-field_7_10\" class=\"wpforms-screen-reader-element\" name=\"wpforms[fields][7][]\" value=\"Fleur rose\" tabindex=\"-1\" required ><span class=\"wpforms-image-choices-label\">Fleur rose<\/span><\/label><\/li><\/ul><\/div><div id=\"wpforms-379-field_8-container\" class=\"wpforms-field wpforms-field-select wpforms-field-select-style-classic\" data-field-id=\"8\"><label class=\"wpforms-field-label\" for=\"wpforms-379-field_8\">Broderie <span class=\"wpforms-required-label\">*<\/span><\/label><select id=\"wpforms-379-field_8\" class=\"wpforms-field-medium wpforms-field-required\" name=\"wpforms[fields][8]\" required=\"required\"><option value=\"Avec\" >Avec<\/option><option value=\"Sans\" >Sans<\/option><\/select><\/div><div id=\"wpforms-379-field_5-container\" class=\"wpforms-field wpforms-field-select wpforms-field-select-style-classic\" data-field-id=\"5\"><label class=\"wpforms-field-label\" for=\"wpforms-379-field_5\">Couleur <span class=\"wpforms-required-label\">*<\/span><\/label><select id=\"wpforms-379-field_5\" class=\"wpforms-field-medium wpforms-field-required\" name=\"wpforms[fields][5]\" required=\"required\"><option value=\"Or\" >Or<\/option><option value=\"Argent\" >Argent<\/option><option value=\"Cuivre\" >Cuivre<\/option><option value=\"Noir\" >Noir<\/option><option value=\"Blanc\" >Blanc<\/option><option value=\"Bleu\" >Bleu<\/option><option value=\"Rouge\" >Rouge<\/option><option value=\"Violet\" >Violet<\/option><option value=\"Vert\" >Vert<\/option><option value=\"Jaune\" >Jaune<\/option><option value=\"Brun\" >Brun<\/option><option value=\"Rose\" >Rose<\/option><option value=\"Pas de broderie\" >Pas de broderie<\/option><\/select><\/div><div id=\"wpforms-379-field_9-container\" class=\"wpforms-field wpforms-field-select wpforms-field-select-style-classic\" data-field-id=\"9\"><label class=\"wpforms-field-label\" for=\"wpforms-379-field_9\">Flex <span class=\"wpforms-required-label\">*<\/span><\/label><select id=\"wpforms-379-field_9\" class=\"wpforms-field-medium wpforms-field-required\" name=\"wpforms[fields][9]\" required=\"required\"><option value=\"Avec\" >Avec<\/option><option value=\"Sans\" >Sans<\/option><\/select><\/div><div id=\"wpforms-379-field_12-container\" class=\"wpforms-field wpforms-field-checkbox wpforms-list-inline\" data-field-id=\"12\"><label class=\"wpforms-field-label\" for=\"wpforms-379-field_12\">Type de flex <span class=\"wpforms-required-label\">*<\/span><\/label><ul id=\"wpforms-379-field_12\" class=\"wpforms-field-required wpforms-image-choices wpforms-image-choices-modern\"><li class=\"choice-16 depth-1 wpforms-image-choices-item\"><label class=\"wpforms-field-label-inline\" for=\"wpforms-379-field_12_16\" tabindex=\"0\"><span class=\"wpforms-image-choices-image\"><img decoding=\"async\" src=\"http:\/\/couturedanslevent.ch\/wp-content\/uploads\/2022\/09\/12572-e1665578876186.png\" alt=\"Pas de flex\" title=\"Pas de flex\"><\/span><input type=\"checkbox\" id=\"wpforms-379-field_12_16\" class=\"wpforms-screen-reader-element\" name=\"wpforms[fields][12][]\" value=\"Pas de flex\" tabindex=\"-1\" required ><span class=\"wpforms-image-choices-label\">Pas de flex<\/span><\/label><\/li><li class=\"choice-1 depth-1 wpforms-image-choices-item\"><label class=\"wpforms-field-label-inline\" for=\"wpforms-379-field_12_1\" tabindex=\"0\"><span class=\"wpforms-image-choices-image\"><img decoding=\"async\" src=\"http:\/\/couturedanslevent.ch\/wp-content\/uploads\/2022\/09\/noir-e1665578935801.jpg\" alt=\"Noir\" title=\"Noir\"><\/span><input type=\"checkbox\" id=\"wpforms-379-field_12_1\" class=\"wpforms-screen-reader-element\" name=\"wpforms[fields][12][]\" value=\"Noir\" tabindex=\"-1\" required ><span class=\"wpforms-image-choices-label\">Noir<\/span><\/label><\/li><li class=\"choice-8 depth-1 wpforms-image-choices-item\"><label class=\"wpforms-field-label-inline\" for=\"wpforms-379-field_12_8\" tabindex=\"0\"><span class=\"wpforms-image-choices-image\"><img decoding=\"async\" src=\"http:\/\/couturedanslevent.ch\/wp-content\/uploads\/2022\/09\/1998_1-1-e1665578860995.jpg\" alt=\"Blanc\" title=\"Blanc\"><\/span><input type=\"checkbox\" id=\"wpforms-379-field_12_8\" class=\"wpforms-screen-reader-element\" name=\"wpforms[fields][12][]\" value=\"Blanc\" tabindex=\"-1\" required ><span class=\"wpforms-image-choices-label\">Blanc<\/span><\/label><\/li><li class=\"choice-2 depth-1 wpforms-image-choices-item\"><label class=\"wpforms-field-label-inline\" for=\"wpforms-379-field_12_2\" tabindex=\"0\"><span class=\"wpforms-image-choices-image\"><img decoding=\"async\" src=\"http:\/\/couturedanslevent.ch\/wp-content\/uploads\/2022\/09\/rouge.png\" alt=\"Rouge\" title=\"Rouge\"><\/span><input type=\"checkbox\" id=\"wpforms-379-field_12_2\" class=\"wpforms-screen-reader-element\" name=\"wpforms[fields][12][]\" value=\"Rouge\" tabindex=\"-1\" required ><span class=\"wpforms-image-choices-label\">Rouge<\/span><\/label><\/li><li class=\"choice-7 depth-1 wpforms-image-choices-item\"><label class=\"wpforms-field-label-inline\" for=\"wpforms-379-field_12_7\" tabindex=\"0\"><span class=\"wpforms-image-choices-image\"><img decoding=\"async\" src=\"http:\/\/couturedanslevent.ch\/wp-content\/uploads\/2022\/09\/or-matt-e1665578914867.jpg\" alt=\"Or Matt\" title=\"Or Matt\"><\/span><input type=\"checkbox\" id=\"wpforms-379-field_12_7\" class=\"wpforms-screen-reader-element\" name=\"wpforms[fields][12][]\" value=\"Or Matt\" tabindex=\"-1\" required ><span class=\"wpforms-image-choices-label\">Or Matt<\/span><\/label><\/li><li class=\"choice-3 depth-1 wpforms-image-choices-item\"><label class=\"wpforms-field-label-inline\" for=\"wpforms-379-field_12_3\" tabindex=\"0\"><span class=\"wpforms-image-choices-image\"><img decoding=\"async\" src=\"http:\/\/couturedanslevent.ch\/wp-content\/uploads\/2022\/09\/feuille-flex-thermocollant-argent-argente-paillete-paillettes-2-e1665579012195.jpeg\" alt=\"Holographique argent\u00e9\" title=\"Holographique argent\u00e9\"><\/span><input type=\"checkbox\" id=\"wpforms-379-field_12_3\" class=\"wpforms-screen-reader-element\" name=\"wpforms[fields][12][]\" value=\"Holographique argent\u00e9\" tabindex=\"-1\" required ><span class=\"wpforms-image-choices-label\">Holographique argent\u00e9<\/span><\/label><\/li><li class=\"choice-4 depth-1 wpforms-image-choices-item\"><label class=\"wpforms-field-label-inline\" for=\"wpforms-379-field_12_4\" tabindex=\"0\"><span class=\"wpforms-image-choices-image\"><img decoding=\"async\" src=\"http:\/\/couturedanslevent.ch\/wp-content\/uploads\/2022\/09\/flex-thermocollant-metallise-pour-cricut-rose-gold-rouge-rose-et-dore-305-x-305-cm-4-pcs-p-3-e1665578949666.jpg\" alt=\"M\u00e9tallis\u00e9 rouge\" title=\"M\u00e9tallis\u00e9 rouge\"><\/span><input type=\"checkbox\" id=\"wpforms-379-field_12_4\" class=\"wpforms-screen-reader-element\" name=\"wpforms[fields][12][]\" value=\"M\u00e9tallis\u00e9 rouge\" tabindex=\"-1\" required ><span class=\"wpforms-image-choices-label\">M\u00e9tallis\u00e9 rouge<\/span><\/label><\/li><li class=\"choice-5 depth-1 wpforms-image-choices-item\"><label class=\"wpforms-field-label-inline\" for=\"wpforms-379-field_12_5\" tabindex=\"0\"><span class=\"wpforms-image-choices-image\"><img decoding=\"async\" src=\"http:\/\/couturedanslevent.ch\/wp-content\/uploads\/2022\/09\/bleumetal-e1665579036673.jpg\" alt=\"M\u00e9tallis\u00e9 bleu\" title=\"M\u00e9tallis\u00e9 bleu\"><\/span><input type=\"checkbox\" id=\"wpforms-379-field_12_5\" class=\"wpforms-screen-reader-element\" name=\"wpforms[fields][12][]\" value=\"M\u00e9tallis\u00e9 bleu\" tabindex=\"-1\" required ><span class=\"wpforms-image-choices-label\">M\u00e9tallis\u00e9 bleu<\/span><\/label><\/li><li class=\"choice-6 depth-1 wpforms-image-choices-item\"><label class=\"wpforms-field-label-inline\" for=\"wpforms-379-field_12_6\" tabindex=\"0\"><span class=\"wpforms-image-choices-image\"><img decoding=\"async\" src=\"http:\/\/couturedanslevent.ch\/wp-content\/uploads\/2022\/09\/1948738-illustrationle-texture-metal-vert-vectoriel-e1665579051822.jpg\" alt=\"M\u00e9tallis\u00e9 vert\" title=\"M\u00e9tallis\u00e9 vert\"><\/span><input type=\"checkbox\" id=\"wpforms-379-field_12_6\" class=\"wpforms-screen-reader-element\" name=\"wpforms[fields][12][]\" value=\"M\u00e9tallis\u00e9 vert\" tabindex=\"-1\" required ><span class=\"wpforms-image-choices-label\">M\u00e9tallis\u00e9 vert<\/span><\/label><\/li><li class=\"choice-9 depth-1 wpforms-image-choices-item\"><label class=\"wpforms-field-label-inline\" for=\"wpforms-379-field_12_9\" tabindex=\"0\"><span class=\"wpforms-image-choices-image\"><img decoding=\"async\" src=\"http:\/\/couturedanslevent.ch\/wp-content\/uploads\/2022\/09\/flex-rose-metal-e1665578961973.jpg\" alt=\"M\u00e9tallis\u00e9 violet\" title=\"M\u00e9tallis\u00e9 violet\"><\/span><input type=\"checkbox\" id=\"wpforms-379-field_12_9\" class=\"wpforms-screen-reader-element\" name=\"wpforms[fields][12][]\" value=\"M\u00e9tallis\u00e9 violet\" tabindex=\"-1\" required ><span class=\"wpforms-image-choices-label\">M\u00e9tallis\u00e9 violet<\/span><\/label><\/li><li class=\"choice-10 depth-1 wpforms-image-choices-item\"><label class=\"wpforms-field-label-inline\" for=\"wpforms-379-field_12_10\" tabindex=\"0\"><span class=\"wpforms-image-choices-image\"><img decoding=\"async\" src=\"http:\/\/couturedanslevent.ch\/wp-content\/uploads\/2022\/09\/feuille-paillette-or-p-image-32760-grande-e1665578989582.jpg\" alt=\"Paillette or\" title=\"Paillette or\"><\/span><input type=\"checkbox\" id=\"wpforms-379-field_12_10\" class=\"wpforms-screen-reader-element\" name=\"wpforms[fields][12][]\" value=\"Paillette or \" tabindex=\"-1\" required ><span class=\"wpforms-image-choices-label\">Paillette or<\/span><\/label><\/li><li class=\"choice-13 depth-1 wpforms-image-choices-item\"><label class=\"wpforms-field-label-inline\" for=\"wpforms-379-field_12_13\" tabindex=\"0\"><span class=\"wpforms-image-choices-image\"><img decoding=\"async\" src=\"http:\/\/couturedanslevent.ch\/wp-content\/uploads\/2022\/09\/argent-e1665578834305.jpg\" alt=\"Paillette argent\" title=\"Paillette argent\"><\/span><input type=\"checkbox\" id=\"wpforms-379-field_12_13\" class=\"wpforms-screen-reader-element\" name=\"wpforms[fields][12][]\" value=\"Paillette argent\" tabindex=\"-1\" required ><span class=\"wpforms-image-choices-label\">Paillette argent<\/span><\/label><\/li><li class=\"choice-12 depth-1 wpforms-image-choices-item\"><label class=\"wpforms-field-label-inline\" for=\"wpforms-379-field_12_12\" tabindex=\"0\"><span class=\"wpforms-image-choices-image\"><img decoding=\"async\" src=\"http:\/\/couturedanslevent.ch\/wp-content\/uploads\/2022\/09\/flex-noir-paillettes-e1665578973120.jpg\" alt=\"Paillette noir\" title=\"Paillette noir\"><\/span><input type=\"checkbox\" id=\"wpforms-379-field_12_12\" class=\"wpforms-screen-reader-element\" name=\"wpforms[fields][12][]\" value=\"Paillette noir\" tabindex=\"-1\" required ><span class=\"wpforms-image-choices-label\">Paillette noir<\/span><\/label><\/li><li class=\"choice-15 depth-1 wpforms-image-choices-item\"><label class=\"wpforms-field-label-inline\" for=\"wpforms-379-field_12_15\" tabindex=\"0\"><span class=\"wpforms-image-choices-image\"><img decoding=\"async\" src=\"http:\/\/couturedanslevent.ch\/wp-content\/uploads\/2022\/09\/rose-e1665578790920.jpg\" alt=\"Paillette rose\" title=\"Paillette rose\"><\/span><input type=\"checkbox\" id=\"wpforms-379-field_12_15\" class=\"wpforms-screen-reader-element\" name=\"wpforms[fields][12][]\" value=\"Paillette rose\" tabindex=\"-1\" required ><span class=\"wpforms-image-choices-label\">Paillette rose<\/span><\/label><\/li><li class=\"choice-14 depth-1 wpforms-image-choices-item\"><label class=\"wpforms-field-label-inline\" for=\"wpforms-379-field_12_14\" tabindex=\"0\"><span class=\"wpforms-image-choices-image\"><img decoding=\"async\" src=\"http:\/\/couturedanslevent.ch\/wp-content\/uploads\/2022\/09\/tissu-paillete-rouge-70-x-45-cm-p-e1665578889353.jpg\" alt=\"Paillette rouge\" title=\"Paillette rouge\"><\/span><input type=\"checkbox\" id=\"wpforms-379-field_12_14\" class=\"wpforms-screen-reader-element\" name=\"wpforms[fields][12][]\" value=\"Paillette rouge\" tabindex=\"-1\" required ><span class=\"wpforms-image-choices-label\">Paillette rouge<\/span><\/label><\/li><\/ul><\/div><div id=\"wpforms-379-field_13-container\" class=\"wpforms-field wpforms-field-textarea\" data-field-id=\"13\"><label class=\"wpforms-field-label\" for=\"wpforms-379-field_13\">Texte \u00e0 inscrire <span class=\"wpforms-required-label\">*<\/span><\/label><textarea id=\"wpforms-379-field_13\" class=\"wpforms-field-medium wpforms-field-required\" name=\"wpforms[fields][13]\" required><\/textarea><\/div><\/div><!-- .wpforms-field-container --><div class=\"wpforms-submit-container\" ><input type=\"hidden\" name=\"wpforms[id]\" value=\"379\"><input type=\"hidden\" name=\"wpforms[author]\" value=\"1\"><button type=\"submit\" name=\"wpforms[submit]\" id=\"wpforms-submit-379\" class=\"wpforms-submit\" data-alt-text=\"Envoi...\" data-submit-text=\"Envoyer\" aria-live=\"assertive\" value=\"wpforms-submit\">Envoyer<\/button><img loading=\"lazy\" decoding=\"async\" src=\"https:\/\/couturedanslevent.ch\/wp-content\/plugins\/wpforms-lite\/assets\/images\/submit-spin.svg\" class=\"wpforms-submit-spinner\" style=\"display: none;\" width=\"26\" height=\"26\" alt=\"Chargement en cours\"><\/div><\/form><\/div>  <!-- .wpforms-container -->\n","protected":false},"excerpt":{"rendered":"<p>Pochette en tissus fait main renforc\u00e9e pour une vie longue et z\u00e9ro d\u00e9chet<\/p>\n<p>pour prot\u00e9ger vos blouses m\u00e9dicales<\/p>\n<p>possibilit\u00e9 de le personnaliser avec le nom et\/ou pr\u00e9nom de la personne\u00a0 avec une broderie et\/ou du flex thermocollant r\u00e9sistant jusqu&rsquo;\u00e0 40\u00b0C<\/p>\n","protected":false},"featured_media":100,"comment_status":"open","ping_status":"closed","template":"","meta":{"om_disable_all_campaigns":false,"_monsterinsights_skip_tracking":false,"_monsterinsights_sitenote_active":false,"_monsterinsights_sitenote_note":"","_monsterinsights_sitenote_category":0,"_kad_post_transparent":"default","_kad_post_title":"","_kad_post_layout":"default","_kad_post_sidebar_id":"","_kad_post_content_style":"default","_kad_post_vertical_padding":"default","_kad_post_feature":"","_kad_post_feature_position":"","_kad_post_header":false,"_kad_post_footer":false},"product_cat":[18],"product_tag":[],"aioseo_notices":[],"class_list":{"0":"post-99","1":"product","2":"type-product","3":"status-publish","4":"has-post-thumbnail","6":"product_cat-non-classe","8":"first","9":"instock","10":"taxable","11":"shipping-taxable","12":"purchasable","13":"product-type-simple","14":"entry","15":"content-bg","16":"loop-entry"},"jetpack_sharing_enabled":true,"_links":{"self":[{"href":"https:\/\/couturedanslevent.ch\/index.php?rest_route=\/wp\/v2\/product\/99"}],"collection":[{"href":"https:\/\/couturedanslevent.ch\/index.php?rest_route=\/wp\/v2\/product"}],"about":[{"href":"https:\/\/couturedanslevent.ch\/index.php?rest_route=\/wp\/v2\/types\/product"}],"replies":[{"embeddable":true,"href":"https:\/\/couturedanslevent.ch\/index.php?rest_route=%2Fwp%2Fv2%2Fcomments&post=99"}],"wp:featuredmedia":[{"embeddable":true,"href":"https:\/\/couturedanslevent.ch\/index.php?rest_route=\/wp\/v2\/media\/100"}],"wp:attachment":[{"href":"https:\/\/couturedanslevent.ch\/index.php?rest_route=%2Fwp%2Fv2%2Fmedia&parent=99"}],"wp:term":[{"taxonomy":"product_cat","embeddable":true,"href":"https:\/\/couturedanslevent.ch\/index.php?rest_route=%2Fwp%2Fv2%2Fproduct_cat&post=99"},{"taxonomy":"product_tag","embeddable":true,"href":"https:\/\/couturedanslevent.ch\/index.php?rest_route=%2Fwp%2Fv2%2Fproduct_tag&post=99"}],"curies":[{"name":"wp","href":"https:\/\/api.w.org\/{rel}","templated":true}]}}