{"id":20,"date":"2022-09-29T13:59:40","date_gmt":"2022-09-29T11:59:40","guid":{"rendered":"https:\/\/couturedanslevent.ch\/?page_id=20"},"modified":"2024-02-27T22:46:50","modified_gmt":"2024-02-27T21:46:50","slug":"accueil","status":"publish","type":"page","link":"https:\/\/couturedanslevent.ch\/","title":{"rendered":"Accueil"},"content":{"rendered":"\n<div class=\"wp-block-cover is-light\"><span aria-hidden=\"true\" class=\"wp-block-cover__background has-background-dim\"><\/span><div class=\"wp-block-cover__inner-container is-layout-constrained wp-block-cover-is-layout-constrained\">\n<p class=\"has-text-align-center has-large-font-size\"><strong><mark style=\"background-color:rgba(0, 0, 0, 0)\" class=\"has-inline-color has-theme-palette-3-color\">Bient\u00f4t les cours de couture d\u00e9barquent \u00e0 Ardon<\/mark><\/strong><\/p>\n<\/div><\/div>\n\n\n\n<div class=\"wp-block-cover aligncenter is-light\"><span aria-hidden=\"true\" class=\"wp-block-cover__background has-background-dim\"><\/span><img loading=\"lazy\" decoding=\"async\" width=\"1291\" height=\"1993\" class=\"wp-block-cover__image-background wp-image-26\" alt=\"\" src=\"http:\/\/couturedanslevent.ch\/wp-content\/uploads\/2022\/09\/Liste-des-prix-1-1.png\" data-object-fit=\"cover\" srcset=\"https:\/\/couturedanslevent.ch\/wp-content\/uploads\/2022\/09\/Liste-des-prix-1-1.png 1291w, https:\/\/couturedanslevent.ch\/wp-content\/uploads\/2022\/09\/Liste-des-prix-1-1-600x926.png 600w, https:\/\/couturedanslevent.ch\/wp-content\/uploads\/2022\/09\/Liste-des-prix-1-1-194x300.png 194w, https:\/\/couturedanslevent.ch\/wp-content\/uploads\/2022\/09\/Liste-des-prix-1-1-663x1024.png 663w, https:\/\/couturedanslevent.ch\/wp-content\/uploads\/2022\/09\/Liste-des-prix-1-1-768x1186.png 768w, https:\/\/couturedanslevent.ch\/wp-content\/uploads\/2022\/09\/Liste-des-prix-1-1-995x1536.png 995w\" sizes=\"(max-width: 1291px) 100vw, 1291px\" \/><div class=\"wp-block-cover__inner-container is-layout-flow wp-block-cover-is-layout-flow\">\n<p class=\"has-text-align-center has-theme-palette-1-color has-theme-palette-6-background-color has-text-color has-background has-larger-font-size\">Bienvenue sur le site qui donne envie \u00e0 vos envie textiles<\/p>\n<\/div><\/div>\n\n\n\n<p class=\"has-medium-font-size\">Vos envies coutures deviennent possibles<\/p>\n\n\n\n<p class=\"has-medium-font-size\">Otez pour l&rsquo;ajustement gr\u00e2ce au service de retouches ou mettez votre corps en valeur pour toutes les occasions avec une cr\u00e9ation unique<\/p>\n","protected":false},"excerpt":{"rendered":"<p>Vos envies coutures deviennent possibles Otez pour l&rsquo;ajustement gr\u00e2ce au service de retouches ou mettez votre corps en valeur pour toutes les occasions avec une cr\u00e9ation unique<\/p>\n","protected":false},"author":1,"featured_media":0,"parent":0,"menu_order":0,"comment_status":"closed","ping_status":"closed","template":"","meta":{"om_disable_all_campaigns":false,"_monsterinsights_skip_tracking":false,"_monsterinsights_sitenote_active":false,"_monsterinsights_sitenote_note":"","_monsterinsights_sitenote_category":0,"_kad_post_transparent":"","_kad_post_title":"","_kad_post_layout":"","_kad_post_sidebar_id":"","_kad_post_content_style":"","_kad_post_vertical_padding":"","_kad_post_feature":"","_kad_post_feature_position":"","_kad_post_header":false,"_kad_post_footer":false,"footnotes":""},"aioseo_notices":[],"class_list":["post-20","page","type-page","status-publish","hentry"],"jetpack_sharing_enabled":true,"_links":{"self":[{"href":"https:\/\/couturedanslevent.ch\/index.php?rest_route=\/wp\/v2\/pages\/20"}],"collection":[{"href":"https:\/\/couturedanslevent.ch\/index.php?rest_route=\/wp\/v2\/pages"}],"about":[{"href":"https:\/\/couturedanslevent.ch\/index.php?rest_route=\/wp\/v2\/types\/page"}],"author":[{"embeddable":true,"href":"https:\/\/couturedanslevent.ch\/index.php?rest_route=\/wp\/v2\/users\/1"}],"replies":[{"embeddable":true,"href":"https:\/\/couturedanslevent.ch\/index.php?rest_route=%2Fwp%2Fv2%2Fcomments&post=20"}],"version-history":[{"count":7,"href":"https:\/\/couturedanslevent.ch\/index.php?rest_route=\/wp\/v2\/pages\/20\/revisions"}],"predecessor-version":[{"id":483,"href":"https:\/\/couturedanslevent.ch\/index.php?rest_route=\/wp\/v2\/pages\/20\/revisions\/483"}],"wp:attachment":[{"href":"https:\/\/couturedanslevent.ch\/index.php?rest_route=%2Fwp%2Fv2%2Fmedia&parent=20"}],"curies":[{"name":"wp","href":"https:\/\/api.w.org\/{rel}","templated":true}]}}